{"id":2963,"date":"2024-04-01T14:39:43","date_gmt":"2024-04-01T14:39:43","guid":{"rendered":"https:\/\/dishify.wpthemeverse.com\/?page_id=3"},"modified":"2025-10-27T09:52:08","modified_gmt":"2025-10-27T09:52:08","slug":"adatvedelem","status":"publish","type":"page","link":"https:\/\/teraszkitchen.hu\/at\/adatvedelem\/","title":{"rendered":"Datenschutz"},"content":{"rendered":"<div data-elementor-type=\"wp-page\" data-elementor-id=\"2963\" class=\"elementor elementor-2963\">\n\t\t\t\t\t\t<section class=\"elementor-section elementor-top-section elementor-element elementor-element-33b8518e sisf-elementor-content-grid elementor-section-boxed elementor-section-height-default elementor-section-height-default\" data-id=\"33b8518e\" data-element_type=\"section\">\n\t\t\t\t\t\t<div class=\"elementor-container elementor-column-gap-default\">\n\t\t\t\t\t<div class=\"elementor-column elementor-col-100 elementor-top-column elementor-element elementor-element-65a5793a\" data-id=\"65a5793a\" data-element_type=\"column\">\n\t\t\t<div class=\"elementor-widget-wrap elementor-element-populated\">\n\t\t\t\t\t\t<div class=\"elementor-element elementor-element-eb6e9e5 elementor-widget elementor-widget-sis_core_section_title\" data-id=\"eb6e9e5\" data-element_type=\"widget\" data-widget_type=\"sis_core_section_title.default\">\n\t\t\t\t<div class=\"elementor-widget-container\">\n\t\t\t\t\t<div class=\"sisf-shortcode sisf-m  sisf-section-title sisf-alignment--left\">\n\t\t<div class=\"sisf-m-content\">\n\t\t\t\t\t\t\t<h2 class=\"sisf-m-title\" >\n\t\t\t\t\tDatenschutz\t\t\t<\/h2>\n\t\t\t<\/div>\n<\/div>\n\t\t\t\t<\/div>\n\t\t\t\t<\/div>\n\t\t\t\t<div class=\"elementor-element elementor-element-14921e1 elementor-widget elementor-widget-sis_addons_for_elementor_section_title\" data-id=\"14921e1\" data-element_type=\"widget\" data-widget_type=\"sis_addons_for_elementor_section_title.default\">\n\t\t\t\t<div class=\"elementor-widget-container\">\n\t\t\t\t\t<div class=\"sisf-shortcode sisf-m  sisf-sis-section-title  sisf-decoration--italic  sisf-link--underline-draw sisf-subtitle-icon--left\">\n\t\t\t\t\t\t<h3 class=\"sisf-m-title\">\n\t\t1. Daten des Datenverantwortlichen\t<\/h3>\n\t\t\t<div class=\"sisf-m-text\"><p>Name des Datenverantwortlichen: Rodeo-sokk Kft.<br \/>Hauptsitz: 9970 Szentgotth\u00e1rd, Sz\u00e9ll-K\u00e1lm\u00e1n-Platz 18, Erdgeschoss 1.<br \/>Steuernummer: 25537044-2-18<br \/>E-mail: <a href=\"mailto:info@teraszkitchen.hu\">info@teraszkitchen.hu<\/a><\/p><\/div>\n\t<\/div>\n\t\t\t\t<\/div>\n\t\t\t\t<\/div>\n\t\t\t\t<div class=\"elementor-element elementor-element-3a3633d elementor-widget elementor-widget-sis_addons_for_elementor_section_title\" data-id=\"3a3633d\" data-element_type=\"widget\" data-widget_type=\"sis_addons_for_elementor_section_title.default\">\n\t\t\t\t<div class=\"elementor-widget-container\">\n\t\t\t\t\t<div class=\"sisf-shortcode sisf-m  sisf-sis-section-title  sisf-decoration--italic  sisf-link--underline-draw sisf-subtitle-icon--left\">\n\t\t\t\t\t\t<h3 class=\"sisf-m-title\">\n\t\t2. Welche Daten verarbeiten wir?\t<\/h3>\n\t\t\t<\/div>\n\t\t\t\t<\/div>\n\t\t\t\t<\/div>\n\t\t\t\t<div class=\"elementor-element elementor-element-b1aaff9 elementor-widget elementor-widget-text-editor\" data-id=\"b1aaff9\" data-element_type=\"widget\" data-widget_type=\"text-editor.default\">\n\t\t\t\t\t\t\t\t\t<p>Wir erheben oder erfragen beim Besuch unserer Website keine personenbezogenen Daten (wie Name, E-Mail-Adresse oder Telefonnummer). Die Website verwendet ausschlie\u00dflich Cookies, die nicht in der Lage sind, Sie pers\u00f6nlich zu identifizieren.<\/p>\t\t\t\t\t\t\t\t<\/div>\n\t\t\t\t<div class=\"elementor-element elementor-element-ab354ae elementor-widget elementor-widget-sis_addons_for_elementor_section_title\" data-id=\"ab354ae\" data-element_type=\"widget\" data-widget_type=\"sis_addons_for_elementor_section_title.default\">\n\t\t\t\t<div class=\"elementor-widget-container\">\n\t\t\t\t\t<div class=\"sisf-shortcode sisf-m  sisf-sis-section-title  sisf-decoration--italic  sisf-link--underline-draw sisf-subtitle-icon--left\">\n\t\t\t\t\t\t<h3 class=\"sisf-m-title\">\n\t\t3. Verwendung von Cookies\t<\/h3>\n\t\t\t<\/div>\n\t\t\t\t<\/div>\n\t\t\t\t<\/div>\n\t\t\t\t<div class=\"elementor-element elementor-element-60e018d elementor-widget elementor-widget-text-editor\" data-id=\"60e018d\" data-element_type=\"widget\" data-widget_type=\"text-editor.default\">\n\t\t\t\t\t\t\t\t\t<p>Cookies sind kleine Textdateien, die in Ihrem Browser gespeichert werden und dazu beitragen, dass die Website ordnungsgem\u00e4\u00df funktioniert und statistische Informationen \u00fcber die Anzahl und Art der Besuche gesammelt werden.<\/p><p><strong>Auf der Website verwendete Cookie-Arten:<\/strong><\/p><ul><li>Funktionale Cookies: Diese sind unerl\u00e4sslich, um die grundlegenden Funktionen der Website zu gew\u00e4hrleisten.<\/li><li>Statistische Cookies (z. B. Google Analytics): Diese sammeln anonym Informationen \u00fcber die Nutzung der Website, wie z. B. wie viele Besucher die Website besucht haben und welche Seiten sie angesehen haben.<\/li><\/ul><p><strong>Cookies verwalten: <\/strong><\/p><p>Die meisten Browser akzeptieren Cookies automatisch, diese Einstellung k\u00f6nnen Sie jedoch jederzeit \u00e4ndern. <br \/>Weitere Informationen zum L\u00f6schen und Verwalten von Cookies finden Sie in der Hilfe Ihres Browsers:<\/p><ul><li><a href=\"https:\/\/support.google.com\/chrome\/answer\/95647\" target=\"_blank\" rel=\"noopener\">Google Chrome<\/a><\/li><li><a href=\"https:\/\/support.mozilla.org\/hu\/kb\/sutik-engedelyezese-es-tiltasa\" target=\"_blank\" rel=\"noopener\">Mozilla Firefox<\/a><\/li><li><a href=\"https:\/\/support.apple.com\/hu-hu\/guide\/safari\/sfri11471\/mac\" target=\"_blank\" rel=\"noopener\">Safari<\/a><\/li><\/ul>\t\t\t\t\t\t\t\t<\/div>\n\t\t\t\t<div class=\"elementor-element elementor-element-cae63be elementor-widget elementor-widget-sis_addons_for_elementor_section_title\" data-id=\"cae63be\" data-element_type=\"widget\" data-widget_type=\"sis_addons_for_elementor_section_title.default\">\n\t\t\t\t<div class=\"elementor-widget-container\">\n\t\t\t\t\t<div class=\"sisf-shortcode sisf-m  sisf-sis-section-title  sisf-decoration--italic  sisf-link--underline-draw sisf-subtitle-icon--left\">\n\t\t\t\t\t\t<h3 class=\"sisf-m-title\">\n\t\t4. Daten\u00fcbertragung und Datensicherheit\t<\/h3>\n\t\t\t<\/div>\n\t\t\t\t<\/div>\n\t\t\t\t<\/div>\n\t\t\t\t<div class=\"elementor-element elementor-element-20f18a2 elementor-widget elementor-widget-text-editor\" data-id=\"20f18a2\" data-element_type=\"widget\" data-widget_type=\"text-editor.default\">\n\t\t\t\t\t\t\t\t\t<p>Der Websitebetreiber \u00fcbermittelt keine personenbezogenen Daten an Dritte. Der f\u00fcr den Betrieb der Website eingesetzte Hosting-Dienstleister (Sybell Informatika Kft.) verarbeitet ausschlie\u00dflich technische Daten im Einklang mit den Datenschutzbestimmungen.<\/p>\t\t\t\t\t\t\t\t<\/div>\n\t\t\t\t<div class=\"elementor-element elementor-element-e8a6540 elementor-widget elementor-widget-sis_addons_for_elementor_section_title\" data-id=\"e8a6540\" data-element_type=\"widget\" data-widget_type=\"sis_addons_for_elementor_section_title.default\">\n\t\t\t\t<div class=\"elementor-widget-container\">\n\t\t\t\t\t<div class=\"sisf-shortcode sisf-m  sisf-sis-section-title  sisf-decoration--italic  sisf-link--underline-draw sisf-subtitle-icon--left\">\n\t\t\t\t\t\t<h3 class=\"sisf-m-title\">\n\t\t5. Ihre Rechte\t<\/h3>\n\t\t\t<\/div>\n\t\t\t\t<\/div>\n\t\t\t\t<\/div>\n\t\t\t\t<div class=\"elementor-element elementor-element-e700806 elementor-widget elementor-widget-text-editor\" data-id=\"e700806\" data-element_type=\"widget\" data-widget_type=\"text-editor.default\">\n\t\t\t\t\t\t\t\t\t<p>Da unsere Website keine personenbezogenen Daten erhebt, ist es nicht n\u00f6tig, Ihre allgemeinen Datenschutzrechte (Auskunft, Berichtigung, L\u00f6schung, Einschr\u00e4nkung der Verarbeitung, Widerspruch) auszu\u00fcben. Sollten Sie jedoch Fragen zur Datenverarbeitung haben, kontaktieren Sie uns bitte unter folgender Adresse:<br \/>\ud83d\udce9 <a href=\"mailto:info@teraszkitchen.hu\">info@teraszkitchen.hu<\/a><\/p>\t\t\t\t\t\t\t\t<\/div>\n\t\t\t\t<div class=\"elementor-element elementor-element-c751b06 elementor-widget elementor-widget-sis_addons_for_elementor_section_title\" data-id=\"c751b06\" data-element_type=\"widget\" data-widget_type=\"sis_addons_for_elementor_section_title.default\">\n\t\t\t\t<div class=\"elementor-widget-container\">\n\t\t\t\t\t<div class=\"sisf-shortcode sisf-m  sisf-sis-section-title  sisf-decoration--italic  sisf-link--underline-draw sisf-subtitle-icon--left\">\n\t\t\t\t\t\t<h3 class=\"sisf-m-title\">\n\t\t6. \u00c4nderung der Datenschutzrichtlinie\t<\/h3>\n\t\t\t<\/div>\n\t\t\t\t<\/div>\n\t\t\t\t<\/div>\n\t\t\t\t<div class=\"elementor-element elementor-element-e587156 elementor-widget elementor-widget-text-editor\" data-id=\"e587156\" data-element_type=\"widget\" data-widget_type=\"text-editor.default\">\n\t\t\t\t\t\t\t\t\t<p>Wir behalten uns das Recht vor, diese Hinweise jederzeit zu aktualisieren. \u00c4nderungen werden mit ihrer Ver\u00f6ffentlichung auf der Website wirksam.<\/p>\t\t\t\t\t\t\t\t<\/div>\n\t\t\t\t\t<\/div>\n\t\t<\/div>\n\t\t\t\t\t<\/div>\n\t\t<\/section>\n\t\t\t\t<\/div>","protected":false},"excerpt":{"rendered":"<p>Adatv\u00e9delem 1. Az adatkezel\u0151 adatai Adatkezel\u0151 neve: Rodeo-sokk Kft.Sz\u00e9khely: 9970 Szentgotth\u00e1rd, Sz\u00e9ll K\u00e1lm\u00e1n t\u00e9r 18. f\u00f6ldszint 1.Ad\u00f3sz\u00e1m: 25537044-2-18E-mail: info@teraszkitchen.hu 2. Milyen adatokat kezel\u00fcnk? A weboldalunk l\u00e1togat\u00e1sa sor\u00e1n nem gy\u0171jt\u00fcnk \u00e9s nem k\u00e9r\u00fcnk be szem\u00e9lyes adatokat (p\u00e9ld\u00e1ul nevet, e-mail c\u00edmet vagy telefonsz\u00e1mot). Az oldal kiz\u00e1r\u00f3lag s\u00fctiket (cookie-kat) haszn\u00e1l, amelyek nem alkalmasak az \u00d6n szem\u00e9lyes azonos\u00edt\u00e1s\u00e1ra. 3. [&hellip;]<\/p>\n","protected":false},"author":1,"featured_media":0,"parent":0,"menu_order":0,"comment_status":"closed","ping_status":"closed","template":"page-full-width.php","meta":{"footnotes":""},"class_list":["post-2963","page","type-page","status-publish","hentry"],"_links":{"self":[{"href":"https:\/\/teraszkitchen.hu\/at\/wp-json\/wp\/v2\/pages\/2963","targetHints":{"allow":["GET"]}}],"collection":[{"href":"https:\/\/teraszkitchen.hu\/at\/wp-json\/wp\/v2\/pages"}],"about":[{"href":"https:\/\/teraszkitchen.hu\/at\/wp-json\/wp\/v2\/types\/page"}],"author":[{"embeddable":true,"href":"https:\/\/teraszkitchen.hu\/at\/wp-json\/wp\/v2\/users\/1"}],"replies":[{"embeddable":true,"href":"https:\/\/teraszkitchen.hu\/at\/wp-json\/wp\/v2\/comments?post=2963"}],"version-history":[{"count":7,"href":"https:\/\/teraszkitchen.hu\/at\/wp-json\/wp\/v2\/pages\/2963\/revisions"}],"predecessor-version":[{"id":3234,"href":"https:\/\/teraszkitchen.hu\/at\/wp-json\/wp\/v2\/pages\/2963\/revisions\/3234"}],"wp:attachment":[{"href":"https:\/\/teraszkitchen.hu\/at\/wp-json\/wp\/v2\/media?parent=2963"}],"curies":[{"name":"wp","href":"https:\/\/api.w.org\/{rel}","templated":true}]}}