{"id":2050,"date":"2024-04-17T11:08:31","date_gmt":"2024-04-17T11:08:31","guid":{"rendered":"https:\/\/dishify.wpthemeverse.com\/?page_id=2050"},"modified":"2025-12-17T17:58:02","modified_gmt":"2025-12-17T17:58:02","slug":"dolgozz-velunk","status":"publish","type":"page","link":"https:\/\/teraszkitchen.hu\/at\/dolgozz-velunk\/","title":{"rendered":"Arbeit mit Uns"},"content":{"rendered":"<div data-elementor-type=\"wp-page\" data-elementor-id=\"2050\" class=\"elementor elementor-2050\">\n\t\t\t\t\t\t<section class=\"elementor-section elementor-top-section elementor-element elementor-element-94eb857 elementor-section-full_width sisf-elementor-content-grid elementor-section-height-default elementor-section-height-default\" data-id=\"94eb857\" data-element_type=\"section\" data-settings=\"{&quot;background_background&quot;:&quot;classic&quot;}\">\n\t\t\t\t\t\t<div class=\"elementor-container elementor-column-gap-default\">\n\t\t\t\t\t<div class=\"elementor-column elementor-col-100 elementor-top-column elementor-element elementor-element-038a075\" data-id=\"038a075\" data-element_type=\"column\">\n\t\t\t<div class=\"elementor-widget-wrap elementor-element-populated\">\n\t\t\t\t\t\t<div class=\"elementor-element elementor-element-6e36c7f elementor-invisible elementor-widget elementor-widget-sis_addons_for_elementor_section_title\" data-id=\"6e36c7f\" data-element_type=\"widget\" data-settings=\"{&quot;_animation&quot;:&quot;bounceIn&quot;}\" data-widget_type=\"sis_addons_for_elementor_section_title.default\">\n\t\t\t\t<div class=\"elementor-widget-container\">\n\t\t\t\t\t<div class=\"sisf-shortcode sisf-m sisf-center-text sisf-sis-section-title sisf-title-break--disabled sisf-decoration--italic  sisf-link--underline-draw sisf-subtitle-icon--right\">\n\t\t\t\t<h6 class=\"sisf-m-subtitle\">\n\t\tArbeite mit Uns\t\t\t<\/h6>\n\t\t\t<h2 class=\"sisf-m-title\">\n\t\tAktuelle Stellenangebote\t<\/h2>\n\t\t\t<\/div>\n\t\t\t\t<\/div>\n\t\t\t\t<\/div>\n\t\t<div class=\"elementor-element elementor-element-6ccfcd0 e-flex e-con-boxed e-con e-parent\" data-id=\"6ccfcd0\" data-element_type=\"container\">\n\t\t\t\t\t<div class=\"e-con-inner\">\n\t\t\t\t<div class=\"elementor-element elementor-element-5814759 elementor-widget elementor-widget-sis_addons_for_elementor_image_gallery\" data-id=\"5814759\" data-element_type=\"widget\" data-widget_type=\"sis_addons_for_elementor_image_gallery.default\">\n\t\t\t\t<div class=\"elementor-widget-container\">\n\t\t\t\t\t<div class=\"sisf-shortcode sisf-m  sisf-sis-image-gallery sisf-sis-fslightbox-popup sisf-popup-gallery sisf-image--hover-zoom  sisf-sis-grid sisf-layout--sis-columns  sisf-col-num--1   sisf-responsive--custom sisf-col-num--1440--1 sisf-col-num--1366--1 sisf-col-num--1024--1 sisf-col-num--768--1 sisf-col-num--680--1 sisf-col-num--480--1\">\n\t<div class=\"sisf-grid-inner\">\n\t\t<div class=\"sisf-e sisf-image-wrapper sisf-grid-item\">\n\t<div class=\"sisf-e-inner\">\n\t\t\t\t\t<a class=\"sisf-popup-item\" itemprop=\"image\" href=\"https:\/\/teraszkitchen.hu\/wp-content\/uploads\/2025\/12\/allasajanlat.webp\" data-type=\"image\" data-fslightbox=\"gallery-100\">\n\t\t\t\t\t\t<img fetchpriority=\"high\" decoding=\"async\" width=\"940\" height=\"788\" src=\"https:\/\/teraszkitchen.hu\/wp-content\/uploads\/2025\/12\/allasajanlat.webp\" class=\"attachment-full size-full\" alt=\"\" srcset=\"https:\/\/teraszkitchen.hu\/wp-content\/uploads\/2025\/12\/allasajanlat.webp 940w, https:\/\/teraszkitchen.hu\/wp-content\/uploads\/2025\/12\/allasajanlat-300x251.webp 300w, https:\/\/teraszkitchen.hu\/wp-content\/uploads\/2025\/12\/allasajanlat-768x644.webp 768w\" sizes=\"(max-width: 940px) 100vw, 940px\" \/>\t\t\t\t\t<\/a>\n\t\t\t<\/div>\n<\/div>\n\t<\/div>\n<\/div>\n\t\t\t\t<\/div>\n\t\t\t\t<\/div>\n\t\t\t\t\t<\/div>\n\t\t\t\t<\/div>\n\t\t\t\t\t<\/div>\n\t\t<\/div>\n\t\t\t\t\t<\/div>\n\t\t<\/section>\n\t\t\t\t<\/div>","protected":false},"excerpt":{"rendered":"<p>Dolgozz Vel\u00fcnk Aktu\u00e1lis \u00e1ll\u00e1saj\u00e1nlatok<\/p>","protected":false},"author":1,"featured_media":3291,"parent":0,"menu_order":0,"comment_status":"closed","ping_status":"closed","template":"","meta":{"footnotes":""},"class_list":["post-2050","page","type-page","status-publish","has-post-thumbnail","hentry"],"_links":{"self":[{"href":"https:\/\/teraszkitchen.hu\/at\/wp-json\/wp\/v2\/pages\/2050","targetHints":{"allow":["GET"]}}],"collection":[{"href":"https:\/\/teraszkitchen.hu\/at\/wp-json\/wp\/v2\/pages"}],"about":[{"href":"https:\/\/teraszkitchen.hu\/at\/wp-json\/wp\/v2\/types\/page"}],"author":[{"embeddable":true,"href":"https:\/\/teraszkitchen.hu\/at\/wp-json\/wp\/v2\/users\/1"}],"replies":[{"embeddable":true,"href":"https:\/\/teraszkitchen.hu\/at\/wp-json\/wp\/v2\/comments?post=2050"}],"version-history":[{"count":14,"href":"https:\/\/teraszkitchen.hu\/at\/wp-json\/wp\/v2\/pages\/2050\/revisions"}],"predecessor-version":[{"id":3438,"href":"https:\/\/teraszkitchen.hu\/at\/wp-json\/wp\/v2\/pages\/2050\/revisions\/3438"}],"wp:featuredmedia":[{"embeddable":true,"href":"https:\/\/teraszkitchen.hu\/at\/wp-json\/wp\/v2\/media\/3291"}],"wp:attachment":[{"href":"https:\/\/teraszkitchen.hu\/at\/wp-json\/wp\/v2\/media?parent=2050"}],"curies":[{"name":"wp","href":"https:\/\/api.w.org\/{rel}","templated":true}]}}