{"id":1730,"date":"2024-04-15T07:23:06","date_gmt":"2024-04-15T07:23:06","guid":{"rendered":"https:\/\/dishify.wpthemeverse.com\/?page_id=1730"},"modified":"2025-11-25T09:41:17","modified_gmt":"2025-11-25T09:41:17","slug":"etlap","status":"publish","type":"page","link":"https:\/\/teraszkitchen.hu\/at\/etlap\/","title":{"rendered":"Speisekarte"},"content":{"rendered":"<div data-elementor-type=\"wp-page\" data-elementor-id=\"1730\" class=\"elementor elementor-1730\">\n\t\t\t\t\t\t<section class=\"elementor-section elementor-top-section elementor-element elementor-element-77281fd elementor-section-full_width elementor-section-height-default elementor-section-height-default sisf-elementor-content-no\" data-id=\"77281fd\" data-element_type=\"section\" data-settings=\"{&quot;background_background&quot;:&quot;classic&quot;}\">\n\t\t\t\t\t\t<div class=\"elementor-container elementor-column-gap-default\">\n\t\t\t\t\t<div class=\"elementor-column elementor-col-100 elementor-top-column elementor-element elementor-element-b0b4e00\" data-id=\"b0b4e00\" data-element_type=\"column\">\n\t\t\t<div class=\"elementor-widget-wrap elementor-element-populated\">\n\t\t\t\t\t\t<div class=\"elementor-element elementor-element-9d5e98b elementor-widget__width-initial elementor-widget elementor-widget-sis_addons_for_elementor_section_title\" data-id=\"9d5e98b\" data-element_type=\"widget\" data-widget_type=\"sis_addons_for_elementor_section_title.default\">\n\t\t\t\t<div class=\"elementor-widget-container\">\n\t\t\t\t\t<div class=\"sisf-shortcode sisf-m sisf-center-text sisf-sis-section-title sisf-title-break--disabled sisf-decoration--italic  sisf-link--underline-draw sisf-subtitle-icon--right\">\n\t\t\t\t<h6 class=\"sisf-m-subtitle\">\n\t\tSpeisekarte\t\t\t<\/h6>\n\t\t\t<h2 class=\"sisf-m-title\">\n\t\tWirf einen Blick in unsere Speisekarte\t<\/h2>\n\t\t\t<div class=\"sisf-m-text\"><p>Unser neues Wintermen\u00fc bringt die Harmonie aus reichen Aromen, charakterstarken\nGew\u00fcrzen und herzerw\u00e4rmenden Klassikern zu dir. Von s\u00e4ttigenden ungarischen\nGerichten bis hin zu exklusiven Gourmet-Erlebnissen mit Tr\u00fcffeln basiert jeder Gang\nauf Saisonalit\u00e4t und Genuss.<\/p><\/div>\n\t<\/div>\n\t\t\t\t<\/div>\n\t\t\t\t<\/div>\n\t\t<div class=\"elementor-element elementor-element-b30e993 e-flex e-con-boxed e-con e-parent\" data-id=\"b30e993\" data-element_type=\"container\">\n\t\t\t\t\t<div class=\"e-con-inner\">\n\t\t\t\t<div class=\"elementor-element elementor-element-a258db4 elementor-widget elementor-widget-sis_addons_for_elementor_image_gallery\" data-id=\"a258db4\" data-element_type=\"widget\" data-widget_type=\"sis_addons_for_elementor_image_gallery.default\">\n\t\t\t\t<div class=\"elementor-widget-container\">\n\t\t\t\t\t<div class=\"sisf-shortcode sisf-m  sisf-sis-image-gallery sisf-sis-fslightbox-popup sisf-popup-gallery sisf-image--hover-zoom  sisf-sis-grid sisf-layout--sis-columns  sisf-col-num--2   sisf-responsive--custom sisf-col-num--1440--2 sisf-col-num--1366--2 sisf-col-num--1024--2 sisf-col-num--768--2 sisf-col-num--680--2 sisf-col-num--480--2\">\n\t<div class=\"sisf-grid-inner\">\n\t\t<div class=\"sisf-e sisf-image-wrapper sisf-grid-item\">\n\t<div class=\"sisf-e-inner\">\n\t\t\t\t\t<a class=\"sisf-popup-item\" itemprop=\"image\" href=\"https:\/\/teraszkitchen.hu\/wp-content\/uploads\/2025\/10\/etlap-01.webp\" data-type=\"image\" data-fslightbox=\"gallery-491\">\n\t\t\t\t\t\t<img fetchpriority=\"high\" decoding=\"async\" width=\"1285\" height=\"1800\" src=\"https:\/\/teraszkitchen.hu\/wp-content\/uploads\/2025\/10\/etlap-01.webp\" class=\"attachment-full size-full\" alt=\"\" srcset=\"https:\/\/teraszkitchen.hu\/wp-content\/uploads\/2025\/10\/etlap-01.webp 1285w, https:\/\/teraszkitchen.hu\/wp-content\/uploads\/2025\/10\/etlap-01-214x300.webp 214w, https:\/\/teraszkitchen.hu\/wp-content\/uploads\/2025\/10\/etlap-01-731x1024.webp 731w, https:\/\/teraszkitchen.hu\/wp-content\/uploads\/2025\/10\/etlap-01-768x1076.webp 768w, https:\/\/teraszkitchen.hu\/wp-content\/uploads\/2025\/10\/etlap-01-1097x1536.webp 1097w\" sizes=\"(max-width: 1285px) 100vw, 1285px\" \/>\t\t\t\t\t<\/a>\n\t\t\t<\/div>\n<\/div>\n<div class=\"sisf-e sisf-image-wrapper sisf-grid-item\">\n\t<div class=\"sisf-e-inner\">\n\t\t\t\t\t<a class=\"sisf-popup-item\" itemprop=\"image\" href=\"https:\/\/teraszkitchen.hu\/wp-content\/uploads\/2025\/10\/etlap-02.webp\" data-type=\"image\" data-fslightbox=\"gallery-491\">\n\t\t\t\t\t\t<img decoding=\"async\" width=\"1285\" height=\"1800\" src=\"https:\/\/teraszkitchen.hu\/wp-content\/uploads\/2025\/10\/etlap-02.webp\" class=\"attachment-full size-full\" alt=\"\" srcset=\"https:\/\/teraszkitchen.hu\/wp-content\/uploads\/2025\/10\/etlap-02.webp 1285w, https:\/\/teraszkitchen.hu\/wp-content\/uploads\/2025\/10\/etlap-02-214x300.webp 214w, https:\/\/teraszkitchen.hu\/wp-content\/uploads\/2025\/10\/etlap-02-731x1024.webp 731w, https:\/\/teraszkitchen.hu\/wp-content\/uploads\/2025\/10\/etlap-02-768x1076.webp 768w, https:\/\/teraszkitchen.hu\/wp-content\/uploads\/2025\/10\/etlap-02-1097x1536.webp 1097w\" sizes=\"(max-width: 1285px) 100vw, 1285px\" \/>\t\t\t\t\t<\/a>\n\t\t\t<\/div>\n<\/div>\n<div class=\"sisf-e sisf-image-wrapper sisf-grid-item\">\n\t<div class=\"sisf-e-inner\">\n\t\t\t\t\t<a class=\"sisf-popup-item\" itemprop=\"image\" href=\"https:\/\/teraszkitchen.hu\/wp-content\/uploads\/2025\/10\/etlap-03.webp\" data-type=\"image\" data-fslightbox=\"gallery-491\">\n\t\t\t\t\t\t<img decoding=\"async\" width=\"1285\" height=\"1800\" src=\"https:\/\/teraszkitchen.hu\/wp-content\/uploads\/2025\/10\/etlap-03.webp\" class=\"attachment-full size-full\" alt=\"\" srcset=\"https:\/\/teraszkitchen.hu\/wp-content\/uploads\/2025\/10\/etlap-03.webp 1285w, https:\/\/teraszkitchen.hu\/wp-content\/uploads\/2025\/10\/etlap-03-214x300.webp 214w, https:\/\/teraszkitchen.hu\/wp-content\/uploads\/2025\/10\/etlap-03-731x1024.webp 731w, https:\/\/teraszkitchen.hu\/wp-content\/uploads\/2025\/10\/etlap-03-768x1076.webp 768w, https:\/\/teraszkitchen.hu\/wp-content\/uploads\/2025\/10\/etlap-03-1097x1536.webp 1097w\" sizes=\"(max-width: 1285px) 100vw, 1285px\" \/>\t\t\t\t\t<\/a>\n\t\t\t<\/div>\n<\/div>\n<div class=\"sisf-e sisf-image-wrapper sisf-grid-item\">\n\t<div class=\"sisf-e-inner\">\n\t\t\t\t\t<a class=\"sisf-popup-item\" itemprop=\"image\" href=\"https:\/\/teraszkitchen.hu\/wp-content\/uploads\/2025\/10\/etlap-04.webp\" data-type=\"image\" data-fslightbox=\"gallery-491\">\n\t\t\t\t\t\t<img loading=\"lazy\" decoding=\"async\" width=\"1285\" height=\"1800\" src=\"https:\/\/teraszkitchen.hu\/wp-content\/uploads\/2025\/10\/etlap-04.webp\" class=\"attachment-full size-full\" alt=\"\" srcset=\"https:\/\/teraszkitchen.hu\/wp-content\/uploads\/2025\/10\/etlap-04.webp 1285w, https:\/\/teraszkitchen.hu\/wp-content\/uploads\/2025\/10\/etlap-04-214x300.webp 214w, https:\/\/teraszkitchen.hu\/wp-content\/uploads\/2025\/10\/etlap-04-731x1024.webp 731w, https:\/\/teraszkitchen.hu\/wp-content\/uploads\/2025\/10\/etlap-04-768x1076.webp 768w, https:\/\/teraszkitchen.hu\/wp-content\/uploads\/2025\/10\/etlap-04-1097x1536.webp 1097w\" sizes=\"(max-width: 1285px) 100vw, 1285px\" \/>\t\t\t\t\t<\/a>\n\t\t\t<\/div>\n<\/div>\n<div class=\"sisf-e sisf-image-wrapper sisf-grid-item\">\n\t<div class=\"sisf-e-inner\">\n\t\t\t\t\t<a class=\"sisf-popup-item\" itemprop=\"image\" href=\"https:\/\/teraszkitchen.hu\/wp-content\/uploads\/2025\/10\/etlap-05.webp\" data-type=\"image\" data-fslightbox=\"gallery-491\">\n\t\t\t\t\t\t<img loading=\"lazy\" decoding=\"async\" width=\"1285\" height=\"1800\" src=\"https:\/\/teraszkitchen.hu\/wp-content\/uploads\/2025\/10\/etlap-05.webp\" class=\"attachment-full size-full\" alt=\"\" srcset=\"https:\/\/teraszkitchen.hu\/wp-content\/uploads\/2025\/10\/etlap-05.webp 1285w, https:\/\/teraszkitchen.hu\/wp-content\/uploads\/2025\/10\/etlap-05-214x300.webp 214w, https:\/\/teraszkitchen.hu\/wp-content\/uploads\/2025\/10\/etlap-05-731x1024.webp 731w, https:\/\/teraszkitchen.hu\/wp-content\/uploads\/2025\/10\/etlap-05-768x1076.webp 768w, https:\/\/teraszkitchen.hu\/wp-content\/uploads\/2025\/10\/etlap-05-1097x1536.webp 1097w\" sizes=\"(max-width: 1285px) 100vw, 1285px\" \/>\t\t\t\t\t<\/a>\n\t\t\t<\/div>\n<\/div>\n<div class=\"sisf-e sisf-image-wrapper sisf-grid-item\">\n\t<div class=\"sisf-e-inner\">\n\t\t\t\t\t<a class=\"sisf-popup-item\" itemprop=\"image\" href=\"https:\/\/teraszkitchen.hu\/wp-content\/uploads\/2025\/10\/etlap-06.webp\" data-type=\"image\" data-fslightbox=\"gallery-491\">\n\t\t\t\t\t\t<img loading=\"lazy\" decoding=\"async\" width=\"1285\" height=\"1800\" src=\"https:\/\/teraszkitchen.hu\/wp-content\/uploads\/2025\/10\/etlap-06.webp\" class=\"attachment-full size-full\" alt=\"\" srcset=\"https:\/\/teraszkitchen.hu\/wp-content\/uploads\/2025\/10\/etlap-06.webp 1285w, https:\/\/teraszkitchen.hu\/wp-content\/uploads\/2025\/10\/etlap-06-214x300.webp 214w, https:\/\/teraszkitchen.hu\/wp-content\/uploads\/2025\/10\/etlap-06-731x1024.webp 731w, https:\/\/teraszkitchen.hu\/wp-content\/uploads\/2025\/10\/etlap-06-768x1076.webp 768w, https:\/\/teraszkitchen.hu\/wp-content\/uploads\/2025\/10\/etlap-06-1097x1536.webp 1097w\" sizes=\"(max-width: 1285px) 100vw, 1285px\" \/>\t\t\t\t\t<\/a>\n\t\t\t<\/div>\n<\/div>\n<div class=\"sisf-e sisf-image-wrapper sisf-grid-item\">\n\t<div class=\"sisf-e-inner\">\n\t\t\t\t\t<a class=\"sisf-popup-item\" itemprop=\"image\" href=\"https:\/\/teraszkitchen.hu\/wp-content\/uploads\/2025\/10\/etlap-07.webp\" data-type=\"image\" data-fslightbox=\"gallery-491\">\n\t\t\t\t\t\t<img loading=\"lazy\" decoding=\"async\" width=\"1285\" height=\"1800\" src=\"https:\/\/teraszkitchen.hu\/wp-content\/uploads\/2025\/10\/etlap-07.webp\" class=\"attachment-full size-full\" alt=\"\" srcset=\"https:\/\/teraszkitchen.hu\/wp-content\/uploads\/2025\/10\/etlap-07.webp 1285w, https:\/\/teraszkitchen.hu\/wp-content\/uploads\/2025\/10\/etlap-07-214x300.webp 214w, https:\/\/teraszkitchen.hu\/wp-content\/uploads\/2025\/10\/etlap-07-731x1024.webp 731w, https:\/\/teraszkitchen.hu\/wp-content\/uploads\/2025\/10\/etlap-07-768x1076.webp 768w, https:\/\/teraszkitchen.hu\/wp-content\/uploads\/2025\/10\/etlap-07-1097x1536.webp 1097w\" sizes=\"(max-width: 1285px) 100vw, 1285px\" \/>\t\t\t\t\t<\/a>\n\t\t\t<\/div>\n<\/div>\n<div class=\"sisf-e sisf-image-wrapper sisf-grid-item\">\n\t<div class=\"sisf-e-inner\">\n\t\t\t\t\t<a class=\"sisf-popup-item\" itemprop=\"image\" href=\"https:\/\/teraszkitchen.hu\/wp-content\/uploads\/2025\/10\/etlap-08.webp\" data-type=\"image\" data-fslightbox=\"gallery-491\">\n\t\t\t\t\t\t<img loading=\"lazy\" decoding=\"async\" width=\"1285\" height=\"1800\" src=\"https:\/\/teraszkitchen.hu\/wp-content\/uploads\/2025\/10\/etlap-08.webp\" class=\"attachment-full size-full\" alt=\"\" srcset=\"https:\/\/teraszkitchen.hu\/wp-content\/uploads\/2025\/10\/etlap-08.webp 1285w, https:\/\/teraszkitchen.hu\/wp-content\/uploads\/2025\/10\/etlap-08-214x300.webp 214w, https:\/\/teraszkitchen.hu\/wp-content\/uploads\/2025\/10\/etlap-08-731x1024.webp 731w, https:\/\/teraszkitchen.hu\/wp-content\/uploads\/2025\/10\/etlap-08-768x1076.webp 768w, https:\/\/teraszkitchen.hu\/wp-content\/uploads\/2025\/10\/etlap-08-1097x1536.webp 1097w\" sizes=\"(max-width: 1285px) 100vw, 1285px\" \/>\t\t\t\t\t<\/a>\n\t\t\t<\/div>\n<\/div>\n<div class=\"sisf-e sisf-image-wrapper sisf-grid-item\">\n\t<div class=\"sisf-e-inner\">\n\t\t\t\t\t<a class=\"sisf-popup-item\" itemprop=\"image\" href=\"https:\/\/teraszkitchen.hu\/wp-content\/uploads\/2025\/10\/etlap-09.webp\" data-type=\"image\" data-fslightbox=\"gallery-491\">\n\t\t\t\t\t\t<img loading=\"lazy\" decoding=\"async\" width=\"1285\" height=\"1800\" src=\"https:\/\/teraszkitchen.hu\/wp-content\/uploads\/2025\/10\/etlap-09.webp\" class=\"attachment-full size-full\" alt=\"\" srcset=\"https:\/\/teraszkitchen.hu\/wp-content\/uploads\/2025\/10\/etlap-09.webp 1285w, https:\/\/teraszkitchen.hu\/wp-content\/uploads\/2025\/10\/etlap-09-214x300.webp 214w, https:\/\/teraszkitchen.hu\/wp-content\/uploads\/2025\/10\/etlap-09-731x1024.webp 731w, https:\/\/teraszkitchen.hu\/wp-content\/uploads\/2025\/10\/etlap-09-768x1076.webp 768w, https:\/\/teraszkitchen.hu\/wp-content\/uploads\/2025\/10\/etlap-09-1097x1536.webp 1097w\" sizes=\"(max-width: 1285px) 100vw, 1285px\" \/>\t\t\t\t\t<\/a>\n\t\t\t<\/div>\n<\/div>\n<div class=\"sisf-e sisf-image-wrapper sisf-grid-item\">\n\t<div class=\"sisf-e-inner\">\n\t\t\t\t\t<a class=\"sisf-popup-item\" itemprop=\"image\" href=\"https:\/\/teraszkitchen.hu\/wp-content\/uploads\/2025\/10\/etlap-10.webp\" data-type=\"image\" data-fslightbox=\"gallery-491\">\n\t\t\t\t\t\t<img loading=\"lazy\" decoding=\"async\" width=\"1285\" height=\"1800\" src=\"https:\/\/teraszkitchen.hu\/wp-content\/uploads\/2025\/10\/etlap-10.webp\" class=\"attachment-full size-full\" alt=\"\" srcset=\"https:\/\/teraszkitchen.hu\/wp-content\/uploads\/2025\/10\/etlap-10.webp 1285w, https:\/\/teraszkitchen.hu\/wp-content\/uploads\/2025\/10\/etlap-10-214x300.webp 214w, https:\/\/teraszkitchen.hu\/wp-content\/uploads\/2025\/10\/etlap-10-731x1024.webp 731w, https:\/\/teraszkitchen.hu\/wp-content\/uploads\/2025\/10\/etlap-10-768x1076.webp 768w, https:\/\/teraszkitchen.hu\/wp-content\/uploads\/2025\/10\/etlap-10-1097x1536.webp 1097w\" sizes=\"(max-width: 1285px) 100vw, 1285px\" \/>\t\t\t\t\t<\/a>\n\t\t\t<\/div>\n<\/div>\n<div class=\"sisf-e sisf-image-wrapper sisf-grid-item\">\n\t<div class=\"sisf-e-inner\">\n\t\t\t\t\t<a class=\"sisf-popup-item\" itemprop=\"image\" href=\"https:\/\/teraszkitchen.hu\/wp-content\/uploads\/2025\/10\/etlap-11.webp\" data-type=\"image\" data-fslightbox=\"gallery-491\">\n\t\t\t\t\t\t<img loading=\"lazy\" decoding=\"async\" width=\"1285\" height=\"1800\" src=\"https:\/\/teraszkitchen.hu\/wp-content\/uploads\/2025\/10\/etlap-11.webp\" class=\"attachment-full size-full\" alt=\"\" srcset=\"https:\/\/teraszkitchen.hu\/wp-content\/uploads\/2025\/10\/etlap-11.webp 1285w, https:\/\/teraszkitchen.hu\/wp-content\/uploads\/2025\/10\/etlap-11-214x300.webp 214w, https:\/\/teraszkitchen.hu\/wp-content\/uploads\/2025\/10\/etlap-11-731x1024.webp 731w, https:\/\/teraszkitchen.hu\/wp-content\/uploads\/2025\/10\/etlap-11-768x1076.webp 768w, https:\/\/teraszkitchen.hu\/wp-content\/uploads\/2025\/10\/etlap-11-1097x1536.webp 1097w\" sizes=\"(max-width: 1285px) 100vw, 1285px\" \/>\t\t\t\t\t<\/a>\n\t\t\t<\/div>\n<\/div>\n<div class=\"sisf-e sisf-image-wrapper sisf-grid-item\">\n\t<div class=\"sisf-e-inner\">\n\t\t\t\t\t<a class=\"sisf-popup-item\" itemprop=\"image\" href=\"https:\/\/teraszkitchen.hu\/wp-content\/uploads\/2025\/10\/etlap-12.webp\" data-type=\"image\" data-fslightbox=\"gallery-491\">\n\t\t\t\t\t\t<img loading=\"lazy\" decoding=\"async\" width=\"1285\" height=\"1800\" src=\"https:\/\/teraszkitchen.hu\/wp-content\/uploads\/2025\/10\/etlap-12.webp\" class=\"attachment-full size-full\" alt=\"\" srcset=\"https:\/\/teraszkitchen.hu\/wp-content\/uploads\/2025\/10\/etlap-12.webp 1285w, https:\/\/teraszkitchen.hu\/wp-content\/uploads\/2025\/10\/etlap-12-214x300.webp 214w, https:\/\/teraszkitchen.hu\/wp-content\/uploads\/2025\/10\/etlap-12-731x1024.webp 731w, https:\/\/teraszkitchen.hu\/wp-content\/uploads\/2025\/10\/etlap-12-768x1076.webp 768w, https:\/\/teraszkitchen.hu\/wp-content\/uploads\/2025\/10\/etlap-12-1097x1536.webp 1097w\" sizes=\"(max-width: 1285px) 100vw, 1285px\" \/>\t\t\t\t\t<\/a>\n\t\t\t<\/div>\n<\/div>\n<div class=\"sisf-e sisf-image-wrapper sisf-grid-item\">\n\t<div class=\"sisf-e-inner\">\n\t\t\t\t\t<a class=\"sisf-popup-item\" itemprop=\"image\" href=\"https:\/\/teraszkitchen.hu\/wp-content\/uploads\/2025\/10\/etlap-13.webp\" data-type=\"image\" data-fslightbox=\"gallery-491\">\n\t\t\t\t\t\t<img loading=\"lazy\" decoding=\"async\" width=\"1285\" height=\"1800\" src=\"https:\/\/teraszkitchen.hu\/wp-content\/uploads\/2025\/10\/etlap-13.webp\" class=\"attachment-full size-full\" alt=\"\" srcset=\"https:\/\/teraszkitchen.hu\/wp-content\/uploads\/2025\/10\/etlap-13.webp 1285w, https:\/\/teraszkitchen.hu\/wp-content\/uploads\/2025\/10\/etlap-13-214x300.webp 214w, https:\/\/teraszkitchen.hu\/wp-content\/uploads\/2025\/10\/etlap-13-731x1024.webp 731w, https:\/\/teraszkitchen.hu\/wp-content\/uploads\/2025\/10\/etlap-13-768x1076.webp 768w, https:\/\/teraszkitchen.hu\/wp-content\/uploads\/2025\/10\/etlap-13-1097x1536.webp 1097w\" sizes=\"(max-width: 1285px) 100vw, 1285px\" \/>\t\t\t\t\t<\/a>\n\t\t\t<\/div>\n<\/div>\n<div class=\"sisf-e sisf-image-wrapper sisf-grid-item\">\n\t<div class=\"sisf-e-inner\">\n\t\t\t\t\t<a class=\"sisf-popup-item\" itemprop=\"image\" href=\"https:\/\/teraszkitchen.hu\/wp-content\/uploads\/2025\/10\/etlap-14.webp\" data-type=\"image\" data-fslightbox=\"gallery-491\">\n\t\t\t\t\t\t<img loading=\"lazy\" decoding=\"async\" width=\"1285\" height=\"1800\" src=\"https:\/\/teraszkitchen.hu\/wp-content\/uploads\/2025\/10\/etlap-14.webp\" class=\"attachment-full size-full\" alt=\"\" srcset=\"https:\/\/teraszkitchen.hu\/wp-content\/uploads\/2025\/10\/etlap-14.webp 1285w, https:\/\/teraszkitchen.hu\/wp-content\/uploads\/2025\/10\/etlap-14-214x300.webp 214w, https:\/\/teraszkitchen.hu\/wp-content\/uploads\/2025\/10\/etlap-14-731x1024.webp 731w, https:\/\/teraszkitchen.hu\/wp-content\/uploads\/2025\/10\/etlap-14-768x1076.webp 768w, https:\/\/teraszkitchen.hu\/wp-content\/uploads\/2025\/10\/etlap-14-1097x1536.webp 1097w\" sizes=\"(max-width: 1285px) 100vw, 1285px\" \/>\t\t\t\t\t<\/a>\n\t\t\t<\/div>\n<\/div>\n\t<\/div>\n<\/div>\n\t\t\t\t<\/div>\n\t\t\t\t<\/div>\n\t\t\t\t\t<\/div>\n\t\t\t\t<\/div>\n\t\t\t\t\t<\/div>\n\t\t<\/div>\n\t\t\t\t\t<\/div>\n\t\t<\/section>\n\t\t\t\t<\/div>","protected":false},"excerpt":{"rendered":"<p>\u00c9tlap Tekintsd meg \u00e9tlapunkat \u00daj t\u00e9li men\u00fcnk a gazdag \u00edzek, a karakteres f\u0171szerek \u00e9s a l\u00e9lekmeleg\u00edt\u0151 klasszikusok harm\u00f3ni\u00e1j\u00e1t hozza el. A laktat\u00f3 magyar fog\u00e1sokt\u00f3l az exkluz\u00edv, szarvasgomb\u00e1s gourmet \u00e9lm\u00e9nyekig minden fog\u00e1s a szezonalit\u00e1sra \u00e9s a k\u00e9nyeztet\u00e9sre \u00e9p\u00fcl.<\/p>","protected":false},"author":1,"featured_media":3127,"parent":0,"menu_order":0,"comment_status":"closed","ping_status":"closed","template":"page-full-width.php","meta":{"footnotes":""},"class_list":["post-1730","page","type-page","status-publish","has-post-thumbnail","hentry"],"_links":{"self":[{"href":"https:\/\/teraszkitchen.hu\/at\/wp-json\/wp\/v2\/pages\/1730","targetHints":{"allow":["GET"]}}],"collection":[{"href":"https:\/\/teraszkitchen.hu\/at\/wp-json\/wp\/v2\/pages"}],"about":[{"href":"https:\/\/teraszkitchen.hu\/at\/wp-json\/wp\/v2\/types\/page"}],"author":[{"embeddable":true,"href":"https:\/\/teraszkitchen.hu\/at\/wp-json\/wp\/v2\/users\/1"}],"replies":[{"embeddable":true,"href":"https:\/\/teraszkitchen.hu\/at\/wp-json\/wp\/v2\/comments?post=1730"}],"version-history":[{"count":20,"href":"https:\/\/teraszkitchen.hu\/at\/wp-json\/wp\/v2\/pages\/1730\/revisions"}],"predecessor-version":[{"id":3413,"href":"https:\/\/teraszkitchen.hu\/at\/wp-json\/wp\/v2\/pages\/1730\/revisions\/3413"}],"wp:featuredmedia":[{"embeddable":true,"href":"https:\/\/teraszkitchen.hu\/at\/wp-json\/wp\/v2\/media\/3127"}],"wp:attachment":[{"href":"https:\/\/teraszkitchen.hu\/at\/wp-json\/wp\/v2\/media?parent=1730"}],"curies":[{"name":"wp","href":"https:\/\/api.w.org\/{rel}","templated":true}]}}