{"id":1032,"date":"2024-04-08T09:20:21","date_gmt":"2024-04-08T09:20:21","guid":{"rendered":"https:\/\/dishify.wpthemeverse.com\/?page_id=1032"},"modified":"2025-11-25T10:54:52","modified_gmt":"2025-11-25T10:54:52","slug":"kapcsolat","status":"publish","type":"page","link":"https:\/\/teraszkitchen.hu\/at\/kapcsolat\/","title":{"rendered":"Kontakt"},"content":{"rendered":"<div data-elementor-type=\"wp-page\" data-elementor-id=\"1032\" class=\"elementor elementor-1032\">\n\t\t\t\t\t\t<section class=\"elementor-section elementor-top-section elementor-element elementor-element-2d138aa elementor-section-full_width elementor-section-height-default elementor-section-height-default sisf-elementor-content-no\" data-id=\"2d138aa\" data-element_type=\"section\" data-settings=\"{&quot;background_background&quot;:&quot;classic&quot;}\">\n\t\t\t\t\t\t<div class=\"elementor-container elementor-column-gap-default\">\n\t\t\t\t\t<div class=\"elementor-column elementor-col-100 elementor-top-column elementor-element elementor-element-80676de\" data-id=\"80676de\" data-element_type=\"column\">\n\t\t\t<div class=\"elementor-widget-wrap elementor-element-populated\">\n\t\t\t\t\t\t<section class=\"elementor-section elementor-inner-section elementor-element elementor-element-64024b9 elementor-section-full_width elementor-section-content-middle elementor-section-height-default elementor-section-height-default sisf-elementor-content-no\" data-id=\"64024b9\" data-element_type=\"section\">\n\t\t\t\t\t\t<div class=\"elementor-container elementor-column-gap-default\">\n\t\t\t\t\t<div class=\"elementor-column elementor-col-33 elementor-inner-column elementor-element elementor-element-d56d266 elementor-hidden-mobile\" data-id=\"d56d266\" data-element_type=\"column\">\n\t\t\t<div class=\"elementor-widget-wrap\">\n\t\t\t\t\t\t\t<\/div>\n\t\t<\/div>\n\t\t\t\t<div class=\"elementor-column elementor-col-33 elementor-inner-column elementor-element elementor-element-5497452\" data-id=\"5497452\" data-element_type=\"column\">\n\t\t\t<div class=\"elementor-widget-wrap elementor-element-populated\">\n\t\t\t\t\t\t<div class=\"elementor-element elementor-element-ee0f335 elementor-widget elementor-widget-sis_addons_for_elementor_section_title\" data-id=\"ee0f335\" data-element_type=\"widget\" data-widget_type=\"sis_addons_for_elementor_section_title.default\">\n\t\t\t\t<div class=\"elementor-widget-container\">\n\t\t\t\t\t<div class=\"sisf-shortcode sisf-m sisf-center-text sisf-sis-section-title sisf-title-break--disabled sisf-decoration--italic  sisf-link--underline-draw sisf-subtitle-icon--right\">\n\t\t\t\t<h6 class=\"sisf-m-subtitle\">\n\t\tKontakt\t\t\t<\/h6>\n\t\t\t<h2 class=\"sisf-m-title\">\n\t\tTritt mit uns in Kontakt\t<\/h2>\n\t\t\t<div class=\"sisf-m-text\"><p>Kontaktiere uns gerne \u2013 egal, ob es um ein Familienessen, ein Firmenevent oder einfach nur um einen guten Kaffee geht. Bei uns ist jeder Anlass etwas Besonderes.<\/p><\/div>\n\t<\/div>\n\t\t\t\t<\/div>\n\t\t\t\t<\/div>\n\t\t\t\t\t<\/div>\n\t\t<\/div>\n\t\t\t\t<div class=\"elementor-column elementor-col-33 elementor-inner-column elementor-element elementor-element-caa198e\" data-id=\"caa198e\" data-element_type=\"column\">\n\t\t\t<div class=\"elementor-widget-wrap elementor-element-populated\">\n\t\t\t\t\t\t\t<\/div>\n\t\t<\/div>\n\t\t\t\t\t<\/div>\n\t\t<\/section>\n\t\t\t\t\t<\/div>\n\t\t<\/div>\n\t\t\t\t\t<\/div>\n\t\t<\/section>\n\t\t\t\t<section class=\"elementor-section elementor-top-section elementor-element elementor-element-cfd70b2 elementor-section-content-middle sisf-elementor-content-grid elementor-section-boxed elementor-section-height-default elementor-section-height-default\" data-id=\"cfd70b2\" data-element_type=\"section\" data-settings=\"{&quot;background_background&quot;:&quot;classic&quot;}\">\n\t\t\t\t\t\t<div class=\"elementor-container elementor-column-gap-default\">\n\t\t\t\t\t<div class=\"elementor-column elementor-col-50 elementor-top-column elementor-element elementor-element-b13f232\" data-id=\"b13f232\" data-element_type=\"column\">\n\t\t\t<div class=\"elementor-widget-wrap elementor-element-populated\">\n\t\t\t\t\t\t<div class=\"elementor-element elementor-element-168b468 elementor-invisible elementor-widget elementor-widget-sis_addons_for_elementor_parallax_images\" data-id=\"168b468\" data-element_type=\"widget\" data-settings=\"{&quot;_animation&quot;:&quot;slideInLeft&quot;}\" data-widget_type=\"sis_addons_for_elementor_parallax_images.default\">\n\t\t\t\t<div class=\"elementor-widget-container\">\n\t\t\t\t\t<div class=\"sisf-shortcode sisf-m  sisf-sis-parallax-images sisf-layout--default\">\n\t<div class=\"sisf-m-images\">\n\t\t<div class=\"sisf-e-main-image-holder\">\n\t\t\t<div class=\"sisf-e-main-image-zoom-holder\">\n\t\t\t\t\t\t\t\t\t<div class=\"sisf-e-main-image\" data-parallax-main=\"-20\">\n\t\t\t\t\t\t<img fetchpriority=\"high\" decoding=\"async\" width=\"650\" height=\"650\" src=\"https:\/\/teraszkitchen.hu\/wp-content\/uploads\/2025\/11\/teraszkitchen-rolunk-650x650.webp\" class=\"attachment-sis_addons_for_elementor_image_size_square size-sis_addons_for_elementor_image_size_square\" alt=\"\" srcset=\"https:\/\/teraszkitchen.hu\/wp-content\/uploads\/2025\/11\/teraszkitchen-rolunk-650x650.webp 650w, https:\/\/teraszkitchen.hu\/wp-content\/uploads\/2025\/11\/teraszkitchen-rolunk-150x150.webp 150w, https:\/\/teraszkitchen.hu\/wp-content\/uploads\/2025\/11\/teraszkitchen-rolunk-1300x1300.webp 1300w\" sizes=\"(max-width: 650px) 100vw, 650px\" \/>\t\t\t\t\t<\/div>\n\t\t\t\t\t\t\t<\/div>\n\t\t<\/div>\n\t\t\t\t\t\t\t\t\t\t\t\t\t<div class=\"sisf-e-parallax-image sisf-position--bottom-left elementor-repeater-item-24f4b0c\" >\n\t\t\t\t\t<img decoding=\"async\" width=\"150\" height=\"150\" src=\"https:\/\/teraszkitchen.hu\/wp-content\/uploads\/2025\/11\/IMG_5809-150x150.webp\" class=\"attachment-thumbnail size-thumbnail wp-post-image\" alt=\"\" srcset=\"https:\/\/teraszkitchen.hu\/wp-content\/uploads\/2025\/11\/IMG_5809-150x150.webp 150w, https:\/\/teraszkitchen.hu\/wp-content\/uploads\/2025\/11\/IMG_5809-650x650.webp 650w\" sizes=\"(max-width: 150px) 100vw, 150px\" \/>\t\t\t\t<\/div>\n\t\t\t\t\t\t<\/div>\n<\/div>\n\t\t\t\t<\/div>\n\t\t\t\t<\/div>\n\t\t\t\t\t<\/div>\n\t\t<\/div>\n\t\t\t\t<div class=\"elementor-column elementor-col-50 elementor-top-column elementor-element elementor-element-c3205e2\" data-id=\"c3205e2\" data-element_type=\"column\" data-settings=\"{&quot;background_background&quot;:&quot;classic&quot;}\">\n\t\t\t<div class=\"elementor-widget-wrap elementor-element-populated\">\n\t\t\t\t\t\t<section class=\"elementor-section elementor-inner-section elementor-element elementor-element-b3a3fcf elementor-section-boxed elementor-section-height-default elementor-section-height-default sisf-elementor-content-no\" data-id=\"b3a3fcf\" data-element_type=\"section\">\n\t\t\t\t\t\t<div class=\"elementor-container elementor-column-gap-default\">\n\t\t\t\t\t<div class=\"elementor-column elementor-col-50 elementor-inner-column elementor-element elementor-element-fd2d841\" data-id=\"fd2d841\" data-element_type=\"column\">\n\t\t\t<div class=\"elementor-widget-wrap elementor-element-populated\">\n\t\t\t\t\t\t<div class=\"elementor-element elementor-element-91e7c49 elementor-invisible elementor-widget elementor-widget-sis_addons_for_elementor_icon_with_text\" data-id=\"91e7c49\" data-element_type=\"widget\" data-settings=\"{&quot;_animation&quot;:&quot;rotateInDownLeft&quot;}\" data-widget_type=\"sis_addons_for_elementor_icon_with_text.default\">\n\t\t\t\t<div class=\"elementor-widget-container\">\n\t\t\t\t\t<div class=\"sisf-shortcode sisf-m  sisf-sis-icon-with-text sisf-layout--top    sisf-- sisf-alignment--left\" >\n\t\t<div class=\"sisf-m-content\">\n\t\t\t\t\t<h3 class=\"sisf-m-title\">\n\t\t\t\t\t<span class=\"sisf-m-title-text\">UNSERE ADRESSE<\/span>\n\t\t\t<\/h3>\n\t\t\t<div class=\"sisf-m-text\"><p>9970 Szentgotth\u00e1rd<br \/>Sz\u00e9ll K\u00e1lm\u00e1n T\u00e9r. <br \/>18. Fsz. 1.<\/p><\/div>\n\t\t\t<\/div>\n<\/div>\n\t\t\t\t<\/div>\n\t\t\t\t<\/div>\n\t\t\t\t\t<\/div>\n\t\t<\/div>\n\t\t\t\t<div class=\"elementor-column elementor-col-50 elementor-inner-column elementor-element elementor-element-ddc59ee\" data-id=\"ddc59ee\" data-element_type=\"column\">\n\t\t\t<div class=\"elementor-widget-wrap elementor-element-populated\">\n\t\t\t\t\t\t<div class=\"elementor-element elementor-element-765bdb8 elementor-invisible elementor-widget elementor-widget-sis_addons_for_elementor_icon_with_text\" data-id=\"765bdb8\" data-element_type=\"widget\" data-settings=\"{&quot;_animation&quot;:&quot;rotateInDownLeft&quot;,&quot;_animation_tablet&quot;:&quot;rotateInDownRight&quot;}\" data-widget_type=\"sis_addons_for_elementor_icon_with_text.default\">\n\t\t\t\t<div class=\"elementor-widget-container\">\n\t\t\t\t\t<div class=\"sisf-shortcode sisf-m  sisf-sis-icon-with-text sisf-layout--top    sisf-- sisf-alignment--left\" >\n\t\t<div class=\"sisf-m-content\">\n\t\t\t\t\t<h3 class=\"sisf-m-title\">\n\t\t\t\t\t<span class=\"sisf-m-title-text\">RESERVIERUNG<\/span>\n\t\t\t<\/h3>\n\t\t\t<div class=\"sisf-m-text\"><p class=\"translation-block\">Tischreservierungen sind <br>unter der folgenden Telefonnummer m\u00f6glich: <br><a href=\"tel:+3694393353\" target=\"_self\">+36 (94) 393 353<\/a><\/p><\/div>\n\t\t\t<\/div>\n<\/div>\n\t\t\t\t<\/div>\n\t\t\t\t<\/div>\n\t\t\t\t\t<\/div>\n\t\t<\/div>\n\t\t\t\t\t<\/div>\n\t\t<\/section>\n\t\t\t\t<section class=\"elementor-section elementor-inner-section elementor-element elementor-element-7f43621 elementor-section-boxed elementor-section-height-default elementor-section-height-default sisf-elementor-content-no\" data-id=\"7f43621\" data-element_type=\"section\">\n\t\t\t\t\t\t<div class=\"elementor-container elementor-column-gap-default\">\n\t\t\t\t\t<div class=\"elementor-column elementor-col-50 elementor-inner-column elementor-element elementor-element-fb76ae2\" data-id=\"fb76ae2\" data-element_type=\"column\">\n\t\t\t<div class=\"elementor-widget-wrap elementor-element-populated\">\n\t\t\t\t\t\t<div class=\"elementor-element elementor-element-22f2bf4 elementor-invisible elementor-widget elementor-widget-sis_addons_for_elementor_icon_with_text\" data-id=\"22f2bf4\" data-element_type=\"widget\" data-settings=\"{&quot;_animation&quot;:&quot;rotateInDownLeft&quot;}\" data-widget_type=\"sis_addons_for_elementor_icon_with_text.default\">\n\t\t\t\t<div class=\"elementor-widget-container\">\n\t\t\t\t\t<div class=\"sisf-shortcode sisf-m  sisf-sis-icon-with-text sisf-layout--top    sisf-- sisf-alignment--left\" >\n\t\t<div class=\"sisf-m-content\">\n\t\t\t\t\t<h3 class=\"sisf-m-title\">\n\t\t\t\t\t<span class=\"sisf-m-title-text\">RESTAURANT<\/span>\n\t\t\t<\/h3>\n\t\t\t<div class=\"sisf-m-text\"><p class=\"translation-block\">Innenbereich und\nAu\u00dfenterrassen<\/p><\/div>\n\t\t\t<\/div>\n<\/div>\n\t\t\t\t<\/div>\n\t\t\t\t<\/div>\n\t\t\t\t\t<\/div>\n\t\t<\/div>\n\t\t\t\t<div class=\"elementor-column elementor-col-50 elementor-inner-column elementor-element elementor-element-d04fac1\" data-id=\"d04fac1\" data-element_type=\"column\">\n\t\t\t<div class=\"elementor-widget-wrap elementor-element-populated\">\n\t\t\t\t\t\t<div class=\"elementor-element elementor-element-c85d727 elementor-invisible elementor-widget elementor-widget-sis_addons_for_elementor_icon_with_text\" data-id=\"c85d727\" data-element_type=\"widget\" data-settings=\"{&quot;_animation&quot;:&quot;rotateInDownLeft&quot;,&quot;_animation_tablet&quot;:&quot;rotateInDownRight&quot;}\" data-widget_type=\"sis_addons_for_elementor_icon_with_text.default\">\n\t\t\t\t<div class=\"elementor-widget-container\">\n\t\t\t\t\t<div class=\"sisf-shortcode sisf-m  sisf-sis-icon-with-text sisf-layout--top    sisf-- sisf-alignment--left\" >\n\t\t<div class=\"sisf-m-content\">\n\t\t\t\t\t<h3 class=\"sisf-m-title\">\n\t\t\t\t\t<span class=\"sisf-m-title-text\">\u00d6FFNUNGSZEITEN<\/span>\n\t\t\t<\/h3>\n\t\t\t<div class=\"sisf-m-text\"><p>Montag \u2013 Donnerstag: 09:00 \u2013 21:00 Uhr<br \/>Freitag \u2013 Samstag: 09:00 \u2013 22:00 Uhr<br \/>Sonntag: 10:00 \u2013 21:00 Uhr<br \/>(Montag bis Donnerstag und Sonntag schlie\u00dft die K\u00fcche um 20:30 Uhr)<\/p><\/div>\n\t\t\t<\/div>\n<\/div>\n\t\t\t\t<\/div>\n\t\t\t\t<\/div>\n\t\t\t\t\t<\/div>\n\t\t<\/div>\n\t\t\t\t\t<\/div>\n\t\t<\/section>\n\t\t\t\t\t<\/div>\n\t\t<\/div>\n\t\t\t\t\t<\/div>\n\t\t<\/section>\n\t\t\t\t<section class=\"elementor-section elementor-top-section elementor-element elementor-element-a9972d0 sisf-elementor-content-grid elementor-section-boxed elementor-section-height-default elementor-section-height-default\" data-id=\"a9972d0\" data-element_type=\"section\" data-settings=\"{&quot;background_background&quot;:&quot;classic&quot;}\">\n\t\t\t\t\t\t<div class=\"elementor-container elementor-column-gap-default\">\n\t\t\t\t\t<div class=\"elementor-column elementor-col-100 elementor-top-column elementor-element elementor-element-98efc64\" data-id=\"98efc64\" data-element_type=\"column\">\n\t\t\t<div class=\"elementor-widget-wrap elementor-element-populated\">\n\t\t\t\t\t\t<div class=\"elementor-element elementor-element-13b8dbc elementor-invisible elementor-widget elementor-widget-sis_addons_for_elementor_section_title\" data-id=\"13b8dbc\" data-element_type=\"widget\" data-settings=\"{&quot;_animation&quot;:&quot;slideInRight&quot;}\" data-widget_type=\"sis_addons_for_elementor_section_title.default\">\n\t\t\t\t<div class=\"elementor-widget-container\">\n\t\t\t\t\t<div class=\"sisf-shortcode sisf-m  sisf-sis-section-title sisf-title-break--disabled sisf-decoration--italic  sisf-link--underline-draw sisf-subtitle-icon--right\">\n\t\t\t\t\t\t<h2 class=\"sisf-m-title\">\n\t\tVerbring deinen Tag bei uns mit einem leckeren Bissen und guter Laune!\t<\/h2>\n\t\t\t<div class=\"sisf-m-text\"><p>Komm vorbei, wenn du Lust auf gute Aromen, freundliche Bedienung und eine\ngem\u00fctliche Atmosph\u00e4re hast! <br \/>Folge uns in den sozialen Medien, um als Erster von unseren Neuigkeiten und Wochenangeboten zu erfahren!<\/p><\/div>\n\t<\/div>\n\t\t\t\t<\/div>\n\t\t\t\t<\/div>\n\t\t\t\t<div class=\"elementor-element elementor-element-a7c6ac3 elementor-shape-square e-grid-align-left elementor-grid-0 elementor-invisible elementor-widget elementor-widget-social-icons\" data-id=\"a7c6ac3\" data-element_type=\"widget\" data-settings=\"{&quot;_animation&quot;:&quot;zoomIn&quot;}\" data-widget_type=\"social-icons.default\">\n\t\t\t\t\t\t\t<div class=\"elementor-social-icons-wrapper elementor-grid\" role=\"list\">\n\t\t\t\t\t\t\t<span class=\"elementor-grid-item\" role=\"listitem\">\n\t\t\t\t\t<a class=\"elementor-icon elementor-social-icon elementor-social-icon-facebook elementor-animation-float elementor-repeater-item-bc900d1\" href=\"https:\/\/www.facebook.com\/TeraszKitchen\" target=\"_blank\" rel=\"noopener\">\n\t\t\t\t\t\t<span class=\"elementor-screen-only\">Facebook<\/span>\n\t\t\t\t\t\t<svg aria-hidden=\"true\" class=\"e-font-icon-svg e-fab-facebook\" viewbox=\"0 0 512 512\" xmlns=\"http:\/\/www.w3.org\/2000\/svg\"><path d=\"M504 256C504 119 393 8 256 8S8 119 8 256c0 123.78 90.69 226.38 209.25 245V327.69h-63V256h63v-54.64c0-62.15 37-96.48 93.67-96.48 27.14 0 55.52 4.84 55.52 4.84v61h-31.28c-30.8 0-40.41 19.12-40.41 38.73V256h68.78l-11 71.69h-57.78V501C413.31 482.38 504 379.78 504 256z\"><\/path><\/svg>\t\t\t\t\t<\/a>\n\t\t\t\t<\/span>\n\t\t\t\t\t\t\t<span class=\"elementor-grid-item\" role=\"listitem\">\n\t\t\t\t\t<a class=\"elementor-icon elementor-social-icon elementor-social-icon-instagram elementor-animation-float elementor-repeater-item-7c1c0d4\" href=\"https:\/\/www.instagram.com\/teraszkitchen\/\" target=\"_blank\" rel=\"noopener\">\n\t\t\t\t\t\t<span class=\"elementor-screen-only\">Instagram<\/span>\n\t\t\t\t\t\t<svg aria-hidden=\"true\" class=\"e-font-icon-svg e-fab-instagram\" viewbox=\"0 0 448 512\" xmlns=\"http:\/\/www.w3.org\/2000\/svg\"><path d=\"M224.1 141c-63.6 0-114.9 51.3-114.9 114.9s51.3 114.9 114.9 114.9S339 319.5 339 255.9 287.7 141 224.1 141zm0 189.6c-41.1 0-74.7-33.5-74.7-74.7s33.5-74.7 74.7-74.7 74.7 33.5 74.7 74.7-33.6 74.7-74.7 74.7zm146.4-194.3c0 14.9-12 26.8-26.8 26.8-14.9 0-26.8-12-26.8-26.8s12-26.8 26.8-26.8 26.8 12 26.8 26.8zm76.1 27.2c-1.7-35.9-9.9-67.7-36.2-93.9-26.2-26.2-58-34.4-93.9-36.2-37-2.1-147.9-2.1-184.9 0-35.8 1.7-67.6 9.9-93.9 36.1s-34.4 58-36.2 93.9c-2.1 37-2.1 147.9 0 184.9 1.7 35.9 9.9 67.7 36.2 93.9s58 34.4 93.9 36.2c37 2.1 147.9 2.1 184.9 0 35.9-1.7 67.7-9.9 93.9-36.2 26.2-26.2 34.4-58 36.2-93.9 2.1-37 2.1-147.8 0-184.8zM398.8 388c-7.8 19.6-22.9 34.7-42.6 42.6-29.5 11.7-99.5 9-132.1 9s-102.7 2.6-132.1-9c-19.6-7.8-34.7-22.9-42.6-42.6-11.7-29.5-9-99.5-9-132.1s-2.6-102.7 9-132.1c7.8-19.6 22.9-34.7 42.6-42.6 29.5-11.7 99.5-9 132.1-9s102.7-2.6 132.1 9c19.6 7.8 34.7 22.9 42.6 42.6 11.7 29.5 9 99.5 9 132.1s2.7 102.7-9 132.1z\"><\/path><\/svg>\t\t\t\t\t<\/a>\n\t\t\t\t<\/span>\n\t\t\t\t\t\t\t<span class=\"elementor-grid-item\" role=\"listitem\">\n\t\t\t\t\t<a class=\"elementor-icon elementor-social-icon elementor-social-icon-tiktok elementor-animation-float elementor-repeater-item-15431c4\" href=\"http:\/\/www.tiktok.com\/@terasz.kitchen\" target=\"_blank\" rel=\"noopener\">\n\t\t\t\t\t\t<span class=\"elementor-screen-only\">Tiktok<\/span>\n\t\t\t\t\t\t<svg aria-hidden=\"true\" class=\"e-font-icon-svg e-fab-tiktok\" viewbox=\"0 0 448 512\" xmlns=\"http:\/\/www.w3.org\/2000\/svg\"><path d=\"M448,209.91a210.06,210.06,0,0,1-122.77-39.25V349.38A162.55,162.55,0,1,1,185,188.31V278.2a74.62,74.62,0,1,0,52.23,71.18V0l88,0a121.18,121.18,0,0,0,1.86,22.17h0A122.18,122.18,0,0,0,381,102.39a121.43,121.43,0,0,0,67,20.14Z\"><\/path><\/svg>\t\t\t\t\t<\/a>\n\t\t\t\t<\/span>\n\t\t\t\t\t<\/div>\n\t\t\t\t\t\t<\/div>\n\t\t\t\t<div class=\"elementor-element elementor-element-b5dc73d elementor-widget elementor-widget-html\" data-id=\"b5dc73d\" data-element_type=\"widget\" data-widget_type=\"html.default\">\n\t\t\t\t\t<iframe src=\"https:\/\/www.google.com\/maps\/embed?pb=!1m18!1m12!1m3!1d2723.4214467123!2d16.27091217704527!3d46.95340897113741!2m3!1f0!2f0!3f0!3m2!1i1024!2i768!4f13.1!3m3!1m2!1s0x476edf74c1921c65%3A0x7b4ef19ca526b128!2sTerasz%20Kitchen%20%26%20Cafe!5e0!3m2!1shu!2shu!4v1761293897920!5m2!1shu!2shu\" width=\"600\" height=\"350\" style=\"border:0;\" allowfullscreen=\"\" loading=\"lazy\" referrerpolicy=\"no-referrer-when-downgrade\"><\/iframe>\t\t\t\t<\/div>\n\t\t\t\t\t<\/div>\n\t\t<\/div>\n\t\t\t\t\t<\/div>\n\t\t<\/section>\n\t\t\t\t<\/div>","protected":false},"excerpt":{"rendered":"<p>Kapcsolat L\u00e9pj vel\u00fcnk kapcsolatba Keress minket bizalommal \u2013 legyen sz\u00f3 csal\u00e1di vacsor\u00e1r\u00f3l, c\u00e9ges rendezv\u00e9nyr\u0151l vagy csak egy j\u00f3 k\u00e1v\u00e9r\u00f3l. N\u00e1lunk minden alkalom k\u00fcl\u00f6nleges. C\u00cdM\u00dcNK 9970 Szentgotth\u00e1rdSz\u00e9ll K\u00e1lm\u00e1n T\u00e9r. 18. Fsz. 1. FOGLAL\u00c1S Asztalfoglal\u00e1s a k\u00f6vetkez\u0151telefonsz\u00e1mon lehets\u00e9ges:+36 (94) 393 353 \u00c9TTEREM Belt\u00e9ri \u00e9tkez\u00e9s \u00e9s k\u00fclt\u00e9ri teraszok NYITVATART\u00c1S H\u00e9tf\u0151 &#8211; Cs\u00fct\u00f6rt\u00f6k: 09:00 &#8211; 21:00P\u00e9ntek &#8211; Szombat: 09:00 [&hellip;]<\/p>\n","protected":false},"author":1,"featured_media":3362,"parent":0,"menu_order":0,"comment_status":"closed","ping_status":"closed","template":"page-full-width.php","meta":{"footnotes":""},"class_list":["post-1032","page","type-page","status-publish","has-post-thumbnail","hentry"],"_links":{"self":[{"href":"https:\/\/teraszkitchen.hu\/at\/wp-json\/wp\/v2\/pages\/1032","targetHints":{"allow":["GET"]}}],"collection":[{"href":"https:\/\/teraszkitchen.hu\/at\/wp-json\/wp\/v2\/pages"}],"about":[{"href":"https:\/\/teraszkitchen.hu\/at\/wp-json\/wp\/v2\/types\/page"}],"author":[{"embeddable":true,"href":"https:\/\/teraszkitchen.hu\/at\/wp-json\/wp\/v2\/users\/1"}],"replies":[{"embeddable":true,"href":"https:\/\/teraszkitchen.hu\/at\/wp-json\/wp\/v2\/comments?post=1032"}],"version-history":[{"count":16,"href":"https:\/\/teraszkitchen.hu\/at\/wp-json\/wp\/v2\/pages\/1032\/revisions"}],"predecessor-version":[{"id":3423,"href":"https:\/\/teraszkitchen.hu\/at\/wp-json\/wp\/v2\/pages\/1032\/revisions\/3423"}],"wp:featuredmedia":[{"embeddable":true,"href":"https:\/\/teraszkitchen.hu\/at\/wp-json\/wp\/v2\/media\/3362"}],"wp:attachment":[{"href":"https:\/\/teraszkitchen.hu\/at\/wp-json\/wp\/v2\/media?parent=1032"}],"curies":[{"name":"wp","href":"https:\/\/api.w.org\/{rel}","templated":true}]}}